{"id":1209,"date":"2019-09-06T13:16:30","date_gmt":"2019-09-06T13:16:30","guid":{"rendered":"https:\/\/aperitif.qodeinteractive.com\/?page_id=1209"},"modified":"2021-11-17T00:18:16","modified_gmt":"2021-11-17T00:18:16","slug":"contacto","status":"publish","type":"page","link":"https:\/\/amoreiradatorre.com\/en\/contacto\/","title":{"rendered":"Contact"},"content":{"rendered":"<div class=\"qodef-content-grid\"><div class=\"vc_row wpb_row vc_row-fluid vc_custom_1637065048889 vc_column-gap-30\"><div class=\"wpb_column vc_column_container vc_col-sm-12 vc_col-lg-6\"><div class=\"vc_column-inner vc_custom_1637003062286\"><div class=\"wpb_wrapper\"><div class=\"qodef-shortcode qodef-m  qodef-section-title qodef-alignment--left\">\n\t\t<h3 class=\"qodef-m-title\" >\n\t\tSend us a message\t\t<\/h3>\n\t\t<p class=\"qodef-m-subtitle\" >We will reply as soon as possible<\/p>\n\t<\/div><div class=\"vc_empty_space\"   style=\"height: 15px\"><span class=\"vc_empty_space_inner\"><\/span><\/div>\n<div class=\"wpcf7 no-js\" id=\"wpcf7-f1238-o1\" lang=\"en-US\" dir=\"ltr\">\n<div class=\"screen-reader-response\"><p role=\"status\" aria-live=\"polite\" aria-atomic=\"true\"><\/p> <ul><\/ul><\/div>\n<form action=\"\/en\/wp-json\/wp\/v2\/pages\/1209#wpcf7-f1238-o1\" method=\"post\" class=\"wpcf7-form init\" aria-label=\"Contact form\" novalidate=\"novalidate\" data-status=\"init\" data-trp-original-action=\"\/en\/wp-json\/wp\/v2\/pages\/1209#wpcf7-f1238-o1\">\n<div style=\"display: none;\">\n<input type=\"hidden\" name=\"_wpcf7\" value=\"1238\" \/>\n<input type=\"hidden\" name=\"_wpcf7_version\" value=\"5.8.6\" \/>\n<input type=\"hidden\" name=\"_wpcf7_locale\" value=\"en_US\" \/>\n<input type=\"hidden\" name=\"_wpcf7_unit_tag\" value=\"wpcf7-f1238-o1\" \/>\n<input type=\"hidden\" name=\"_wpcf7_container_post\" value=\"0\" \/>\n<input type=\"hidden\" name=\"_wpcf7_posted_data_hash\" value=\"\" \/>\n<\/div>\n<div>\n\t<p><span class=\"wpcf7-form-control-wrap\" data-name=\"your-name\"><input size=\"40\" class=\"wpcf7-form-control wpcf7-text\" aria-invalid=\"false\" placeholder=\"Your name...*\" value=\"\" type=\"text\" name=\"your-name\" \/><\/span>\n\t<\/p>\n<\/div>\n<div>\n\t<p><span class=\"wpcf7-form-control-wrap\" data-name=\"your-email\"><input size=\"40\" class=\"wpcf7-form-control wpcf7-text\" aria-invalid=\"false\" placeholder=\"Your email...*\" value=\"\" type=\"text\" name=\"your-email\" \/><\/span>\n\t<\/p>\n<\/div>\n<div>\n\t<p><span class=\"wpcf7-form-control-wrap\" data-name=\"your-message\"><textarea cols=\"40\" rows=\"4\" class=\"wpcf7-form-control wpcf7-textarea\" aria-invalid=\"false\" placeholder=\"Your message...*\" name=\"your-message\"><\/textarea><\/span>\n\t<\/p>\n<\/div>\n<div>\n\t<p><button class=\"wpcf7-form-control wpcf7-submit qodef-button qodef-size--normal qodef-type--filled qodef-m\" type=\"submit\"><span class=\"qodef-m-text\">Send Message<\/span><\/button>\n\t<\/p>\n<\/div><div class=\"wpcf7-response-output\" aria-hidden=\"true\"><\/div>\n<input type=\"hidden\" name=\"trp-form-language\" value=\"en\"\/><\/form>\n<\/div>\n<\/div><\/div><\/div><div class=\"wpb_column vc_column_container vc_col-sm-12 vc_col-lg-6\"><div class=\"vc_column-inner vc_custom_1570451985904\"><div class=\"wpb_wrapper\"><div class=\"qodef-shortcode qodef-m  qodef-section-title qodef-alignment--left\">\n\t\t<h3 class=\"qodef-m-title\" style=\"color: #2b2824\">\n\t\tOur Contacts\t\t<\/h3>\n\t\t<p class=\"qodef-m-subtitle\" >Come visit our Cellar<\/p>\n\t<\/div><div class=\"vc_empty_space\"   style=\"height: 22px\"><span class=\"vc_empty_space_inner\"><\/span><\/div><div class=\"qodef-shortcode qodef-m  qodef-icon-with-text qodef-layout--before-content qodef--icon-pack\">\n\t<div class=\"qodef-m-icon-wrapper\">\n\t\t<span class=\"qodef-shortcode qodef-m  qodef-icon-holder qodef-size--default qodef-layout--normal\"  style=\"color: #c8693a\">\t\t\t<a itemprop=\"url\" href=\"https:\/\/goo.gl\/maps\/J5enQe4qV9hmKK3y9\" target=\"_blank\">        <span class=\"qodef-icon-linea-icons icon-basic-geolocalize-05 qodef-icon qodef-e\" style=\"font-size:21px\" ><\/span>            <\/a>\t<\/span>\t<\/div>\n\t<div class=\"qodef-m-content\">\n\t\t\t\t\t\t\t<a itemprop=\"url\" href=\"https:\/\/goo.gl\/maps\/J5enQe4qV9hmKK3y9\" target=\"_blank\">\n\t\t<p class=\"qodef-m-text\" style=\"margin-top: -2px;color: #817c7b\">Quinta da Amoreira da Torre, EN 4, km 86, 7050-003 Montemor o Novo (3km after Montemor towards Arraiolos on the right)<\/p>\n\t\t\t<\/a>\n\t\t<\/div>\n<\/div><div class=\"vc_empty_space\"   style=\"height: 10px\"><span class=\"vc_empty_space_inner\"><\/span><\/div><div class=\"qodef-shortcode qodef-m  qodef-icon-with-text qodef-layout--before-content qodef--icon-pack\">\n\t<div class=\"qodef-m-icon-wrapper\">\n\t\t<span class=\"qodef-shortcode qodef-m  qodef-icon-holder qodef-size--default qodef-layout--normal\"  style=\"color: #c8693a\">\t    <span class=\"qodef-icon-linea-icons icon-basic-mail qodef-icon qodef-e\" style=\"font-size:21px\" ><\/span>    <\/span>\t<\/div>\n\t<div class=\"qodef-m-content\">\n\t\t\t\t\t\t<p class=\"qodef-m-text\" style=\"margin-top: -2px;color: #817c7b\">paulosendin@amoreiradatorre.com \/ sonia@amoreiradatorre.com<\/p>\n\t\t<\/div>\n<\/div><div class=\"vc_empty_space\"   style=\"height: 10px\"><span class=\"vc_empty_space_inner\"><\/span><\/div><div class=\"qodef-shortcode qodef-m  qodef-icon-with-text qodef-layout--before-content qodef--icon-pack\">\n\t<div class=\"qodef-m-icon-wrapper\">\n\t\t<span class=\"qodef-shortcode qodef-m  qodef-icon-holder qodef-size--default qodef-layout--normal\"  style=\"color: #c8693a\">\t    <span class=\"qodef-icon-linea-icons icon-basic-smartphone qodef-icon qodef-e\" style=\"font-size:21px\" ><\/span>    <\/span>\t<\/div>\n\t<div class=\"qodef-m-content\">\n\t\t\t\t\t\t<p class=\"qodef-m-text\" style=\"margin-top: -2px;color: #817c7b\">+351 937 200 305 \/ 266 892 452<\/p>\n\t\t<\/div>\n<\/div><div class=\"vc_empty_space\"   style=\"height: 10px\"><span class=\"vc_empty_space_inner\"><\/span><\/div><div class=\"qodef-shortcode qodef-m  qodef-icon-with-text qodef-layout--before-content qodef--icon-pack\">\n\t<div class=\"qodef-m-icon-wrapper\">\n\t\t<span class=\"qodef-shortcode qodef-m  qodef-icon-holder qodef-size--default qodef-layout--normal\"  style=\"color: #c8693a\">\t    <span class=\"qodef-icon-linea-icons icon-basic-clock qodef-icon qodef-e\" style=\"font-size:21px\" ><\/span>    <\/span>\t<\/div>\n\t<div class=\"qodef-m-content\">\n\t\t\t\t\t\t<p class=\"qodef-m-text\" style=\"margin-top: -2px;color: #817c7b\">Monday to Friday: 09:00 - 13:30 \/ 14:30 - 18:00<\/p>\n\t\t<\/div>\n<\/div><div class=\"vc_empty_space\"   style=\"height: 10px\"><span class=\"vc_empty_space_inner\"><\/span><\/div><div class=\"vc_row wpb_row vc_inner vc_row-fluid vc_custom_1637001841479 vc_row-has-fill vc_row-o-content-middle vc_row-flex\"><div class=\"wpb_column vc_column_container vc_col-sm-12\"><div class=\"vc_column-inner\"><div class=\"wpb_wrapper\">\n\t<div  class=\"wpb_single_image wpb_content_element vc_align_left\">\n\t\t\n\t\t<figure class=\"wpb_wrapper vc_figure\">\n\t\t\t<div class=\"vc_single_image-wrapper   vc_box_border_grey\"><img decoding=\"async\" width=\"205\" height=\"235\" src=\"https:\/\/amoreiradatorre.com\/wp-content\/uploads\/revslider\/landing-content-2\/landing-2-img-11.png\" class=\"vc_single_image-img attachment-medium\" alt=\"\" \/><\/div>\n\t\t<\/figure>\n\t<\/div>\n<\/div><\/div><\/div><\/div><\/div><\/div><\/div><\/div><\/div>","protected":false},"excerpt":{"rendered":"Envie-nos uma mensagem Responderemos o mais brevemente poss\u00edvel Enviar Mensagem Os Nossos Contactos Venha visitar a nossa adega Quinta da Amoreira da Torre, EN 4, km 86, 7050-003 Montemor o Novo (3km ap\u00f3s Montemor em direc\u00e7\u00e3o a Arraiolos \u00e0 direita) paulosendin@amoreiradatorre.com \/ sonia@amoreiradatorre.com +351 937 200 305 \/ 266 892 452 Segunda a Sexta: 09:00 [...]","protected":false},"author":1,"featured_media":0,"parent":0,"menu_order":0,"comment_status":"closed","ping_status":"closed","template":"page-full-width.php","meta":{"footnotes":""},"class_list":["post-1209","page","type-page","status-publish","hentry"],"_links":{"self":[{"href":"https:\/\/amoreiradatorre.com\/en\/wp-json\/wp\/v2\/pages\/1209","targetHints":{"allow":["GET"]}}],"collection":[{"href":"https:\/\/amoreiradatorre.com\/en\/wp-json\/wp\/v2\/pages"}],"about":[{"href":"https:\/\/amoreiradatorre.com\/en\/wp-json\/wp\/v2\/types\/page"}],"author":[{"embeddable":true,"href":"https:\/\/amoreiradatorre.com\/en\/wp-json\/wp\/v2\/users\/1"}],"replies":[{"embeddable":true,"href":"https:\/\/amoreiradatorre.com\/en\/wp-json\/wp\/v2\/comments?post=1209"}],"version-history":[{"count":20,"href":"https:\/\/amoreiradatorre.com\/en\/wp-json\/wp\/v2\/pages\/1209\/revisions"}],"predecessor-version":[{"id":4811,"href":"https:\/\/amoreiradatorre.com\/en\/wp-json\/wp\/v2\/pages\/1209\/revisions\/4811"}],"wp:attachment":[{"href":"https:\/\/amoreiradatorre.com\/en\/wp-json\/wp\/v2\/media?parent=1209"}],"curies":[{"name":"wp","href":"https:\/\/api.w.org\/{rel}","templated":true}]}}