{"id":1448,"date":"2019-09-09T14:43:02","date_gmt":"2019-09-09T14:43:02","guid":{"rendered":"https:\/\/aperitif.qodeinteractive.com\/?page_id=1448"},"modified":"2022-04-06T01:06:47","modified_gmt":"2022-04-06T01:06:47","slug":"historia","status":"publish","type":"page","link":"https:\/\/amoreiradatorre.com\/en\/historia\/","title":{"rendered":"History"},"content":{"rendered":"<div class=\"qodef-content-grid\"><div class=\"vc_row wpb_row vc_row-fluid vc_custom_1637108426462\"><div class=\"wpb_column vc_column_container vc_col-sm-12\"><div class=\"vc_column-inner\"><div class=\"wpb_wrapper\"><div class=\"qodef-shortcode qodef-m  qodef-section-title qodef-alignment--center\">\n\t\t<h2 class=\"qodef-m-title\" >\n\t\tOur Story\t\t<\/h2>\n\t\t<p class=\"qodef-m-subtitle\" >Our wines are rooted in our History<\/p>\n\t<\/div><\/div><\/div><\/div><\/div><\/div><div class=\"qodef-content-grid\"><div class=\"vc_row wpb_row vc_row-fluid\"><div class=\"wpb_column vc_column_container vc_col-sm-12 vc_col-lg-6 vc_col-md-6\"><div class=\"vc_column-inner vc_custom_1573571964675\"><div class=\"wpb_wrapper\">\n\t<div class=\"wpb_text_column wpb_content_element\" >\n\t\t<div class=\"wpb_wrapper\">\n\t\t\t<p class=\"p1\">Quinta da Amoreira da Torre is part of a unique agro-cultural landscape with more than 6000 years of history of human occupation.<span class=\"Apple-converted-space\">\u00a0<\/span><\/p>\n<p class=\"p1\">From the current building complex, four structuring elements date back to the 16th century; the Tower, the Pombal, whose former location corresponds to the current chapel, the 16th-century Fence that delimits the farm, supported by cylindrical buttresses in the Manueline style, and the Fonte da Rainha.<\/p>\n\n\t\t<\/div>\n\t<\/div>\n<\/div><\/div><\/div><div class=\"wpb_column vc_column_container vc_col-sm-12 vc_col-lg-6 vc_col-md-6\"><div class=\"vc_column-inner vc_custom_1573571970678\"><div class=\"wpb_wrapper\">\n\t<div class=\"wpb_text_column wpb_content_element\" >\n\t\t<div class=\"wpb_wrapper\">\n\t\t\t<p class=\"p1\">This nucleus is one of the iconic sets<span class=\"Apple-converted-space\">\u00a0 <\/span>of the sixteenth-century Solar Towers built around \u00c9vora.<\/p>\n<p class=\"p1\">Quinta da Amoreira da Torre was purchased by the family of the current owners about 100 years ago, at the beginning of the 20th century.<\/p>\n<p class=\"p1\">In 2000, Ana Maria Cunhal made the decision to plant a new vine in Amoreira da Torre, in the place where the primitive vine would have been planted, uprooted in the 40s of the last century.<\/p>\n\n\t\t<\/div>\n\t<\/div>\n<\/div><\/div><\/div><\/div><\/div><div data-vc-parallax=\"1.5\" data-vc-parallax-image=\"https:\/\/amoreiradatorre.com\/wp-content\/uploads\/2021\/11\/Amoreira-da-Torre-Aereas-06.jpg\" class=\"vc_row wpb_row vc_row-fluid vc_custom_1644205799908 vc_row-has-fill vc_row-o-content-middle vc_row-flex vc_general vc_parallax vc_parallax-content-moving\"><div class=\"wpb_column vc_column_container vc_col-sm-12\"><div class=\"vc_column-inner\"><div class=\"wpb_wrapper\"><div class=\"vc_empty_space\"   style=\"height: 1000px\"><span class=\"vc_empty_space_inner\"><\/span><\/div><\/div><\/div><\/div><\/div><div class=\"qodef-content-grid\"><div class=\"vc_row wpb_row vc_row-fluid\"><div class=\"wpb_column vc_column_container vc_col-sm-12\"><div class=\"vc_column-inner vc_custom_1570452506227\"><div class=\"wpb_wrapper\"><div class=\"qodef-shortcode qodef-m  qodef-workflow\">\n\t\n\t<div class=\"qodef-e-workflow-image\">\n\t\t<img decoding=\"async\" width=\"207\" height=\"157\" src=\"https:\/\/amoreiradatorre.com\/wp-content\/uploads\/2019\/08\/h4-img-1.png\" class=\"attachment-full size-full\" alt=\"d\" \/>\t<\/div>\n\t\n\t\t\t\n\t\t<div class=\"qodef-e-workflow-item\">\n\t\t\t<div class=\"qodef-e-workflow-item-inner\">\n\t\t\t\t\n\t\t\t\t<div class=\"qodef-e-workflow-text\">\n\t\t\t\t\t<p class=\"qodef-e-subtitle\">2001<\/p>\n\t\t\t\t\t<h5 class=\"qodef-e-title\">First Vineyard Plantation<\/h5>\n\t\t\t\t\t<p class=\"qodef-e-text\">In 2000, the first 20 hectares of vineyards at Quinta da Amoreira da Torre were established.<\/p>\n\t\t\t\t<\/div>\n\t\t\t\n\t\t\t<\/div>\n\t\t<\/div>\n\t\t\t\n\t\t<div class=\"qodef-e-workflow-item\">\n\t\t\t<div class=\"qodef-e-workflow-item-inner\">\n\t\t\t\t\n\t\t\t\t<div class=\"qodef-e-workflow-text\">\n\t\t\t\t\t<p class=\"qodef-e-subtitle\">2003<\/p>\n\t\t\t\t\t<h5 class=\"qodef-e-title\">First Wine<\/h5>\n\t\t\t\t\t<p class=\"qodef-e-text\">In 2003 we bottled the first wine: Quinta da Amoreira da Torre Tinto Reserva 2003<\/p>\n\t\t\t\t<\/div>\n\t\t\t\n\t\t\t<\/div>\n\t\t<\/div>\n\t\n<\/div><div class=\"qodef-shortcode qodef-m  qodef-workflow\">\n\t\n\t<div class=\"qodef-e-workflow-image\">\n\t\t<img decoding=\"async\" width=\"208\" height=\"187\" src=\"https:\/\/amoreiradatorre.com\/wp-content\/uploads\/2019\/08\/h4-img-2.png\" class=\"attachment-full size-full\" alt=\"d\" \/>\t<\/div>\n\t\n\t\t\t\n\t\t<div class=\"qodef-e-workflow-item\">\n\t\t\t<div class=\"qodef-e-workflow-item-inner\">\n\t\t\t\t\n\t\t\t\t<div class=\"qodef-e-workflow-text\">\n\t\t\t\t\t<p class=\"qodef-e-subtitle\">2005<\/p>\n\t\t\t\t\t<h5 class=\"qodef-e-title\">Organic Farming<\/h5>\n\t\t\t\t\t<p class=\"qodef-e-text\">In 2005 we started the conversion of the vineyard to Organic Agriculture<\/p>\n\t\t\t\t<\/div>\n\t\t\t\n\t\t\t<\/div>\n\t\t<\/div>\n\t\t\t\n\t\t<div class=\"qodef-e-workflow-item\">\n\t\t\t<div class=\"qodef-e-workflow-item-inner\">\n\t\t\t\t\n\t\t\t\t<div class=\"qodef-e-workflow-text\">\n\t\t\t\t\t<p class=\"qodef-e-subtitle\">2008<\/p>\n\t\t\t\t\t<h5 class=\"qodef-e-title\">Biological Certificate<\/h5>\n\t\t\t\t\t<p class=\"qodef-e-text\">In 2008 the vineyard and all the wines were certified as organic. It was the first vineyard in Alentejo to have wines certified as organic by the CVRA<\/p>\n\t\t\t\t<\/div>\n\t\t\t\n\t\t\t<\/div>\n\t\t<\/div>\n\t\n<\/div><div class=\"qodef-shortcode qodef-m  qodef-workflow\">\n\t\n\t<div class=\"qodef-e-workflow-image\">\n\t\t<img decoding=\"async\" width=\"198\" height=\"164\" src=\"https:\/\/amoreiradatorre.com\/wp-content\/uploads\/2019\/08\/h4-img-3.png\" class=\"attachment-full size-full\" alt=\"d\" \/>\t<\/div>\n\t\n\t\t\t\n\t\t<div class=\"qodef-e-workflow-item\">\n\t\t\t<div class=\"qodef-e-workflow-item-inner\">\n\t\t\t\t\n\t\t\t\t<div class=\"qodef-e-workflow-text\">\n\t\t\t\t\t<p class=\"qodef-e-subtitle\">2019<\/p>\n\t\t\t\t\t<h5 class=\"qodef-e-title\">Own Cellar<\/h5>\n\t\t\t\t\t<p class=\"qodef-e-text\">Em 2019 foi tomada a decis\u00e3o de construir uma adega pr\u00f3pria, na Quinta da Amoreira da Torre<\/p>\n\t\t\t\t<\/div>\n\t\t\t\n\t\t\t<\/div>\n\t\t<\/div>\n\t\t\t\n\t\t<div class=\"qodef-e-workflow-item\">\n\t\t\t<div class=\"qodef-e-workflow-item-inner\">\n\t\t\t\t\n\t\t\t\t<div class=\"qodef-e-workflow-text\">\n\t\t\t\t\t<p class=\"qodef-e-subtitle\">2021<\/p>\n\t\t\t\t\t<h5 class=\"qodef-e-title\">Cellar Opening<\/h5>\n\t\t\t\t\t<p class=\"qodef-e-text\">In 2021, the new winery was inaugurated, with the first harvest carried out in its own winery<\/p>\n\t\t\t\t<\/div>\n\t\t\t\n\t\t\t<\/div>\n\t\t<\/div>\n\t\n<\/div><\/div><\/div><\/div><\/div><\/div><div class=\"qodef-content-grid\"><div class=\"vc_row wpb_row vc_row-fluid vc_row-o-content-middle vc_row-flex\"><div class=\"wpb_column vc_column_container vc_col-sm-6\"><div class=\"vc_column-inner\"><div class=\"wpb_wrapper\">\n\t<div  class=\"wpb_single_image wpb_content_element vc_align_left\">\n\t\t\n\t\t<figure class=\"wpb_wrapper vc_figure\">\n\t\t\t<div class=\"vc_single_image-wrapper   vc_box_border_grey\"><img decoding=\"async\" width=\"1024\" height=\"683\" src=\"https:\/\/amoreiradatorre.com\/wp-content\/uploads\/2022\/04\/mediamodifier_image-1-1024x683.png\" class=\"vc_single_image-img attachment-large\" alt=\"Livro_Adega_Amoreira\" srcset=\"https:\/\/amoreiradatorre.com\/wp-content\/uploads\/2022\/04\/mediamodifier_image-1-1024x683.png 1024w, https:\/\/amoreiradatorre.com\/wp-content\/uploads\/2022\/04\/mediamodifier_image-1-300x200.png 300w, https:\/\/amoreiradatorre.com\/wp-content\/uploads\/2022\/04\/mediamodifier_image-1-768x512.png 768w, https:\/\/amoreiradatorre.com\/wp-content\/uploads\/2022\/04\/mediamodifier_image-1-1536x1024.png 1536w, https:\/\/amoreiradatorre.com\/wp-content\/uploads\/2022\/04\/mediamodifier_image-1-2048x1365.png 2048w, https:\/\/amoreiradatorre.com\/wp-content\/uploads\/2022\/04\/mediamodifier_image-1-18x12.png 18w, https:\/\/amoreiradatorre.com\/wp-content\/uploads\/2022\/04\/mediamodifier_image-1-600x400.png 600w\" sizes=\"(max-width: 1024px) 100vw, 1024px\" \/><\/div>\n\t\t<\/figure>\n\t<\/div>\n<\/div><\/div><\/div><div class=\"wpb_column vc_column_container vc_col-sm-6\"><div class=\"vc_column-inner\"><div class=\"wpb_wrapper\"><div class=\"qodef-shortcode qodef-m  qodef-section-title qodef-alignment--center\">\n\t\t<h2 class=\"qodef-m-title\" >\n\t\tAdega da Torre\t\t<\/h2>\n\t\t<p class=\"qodef-m-subtitle\" >Livro feito por ocasi\u00e3o da inaugura\u00e7\u00e3o da nova Adega<\/p>\n\t<\/div>\n\t<div class=\"wpb_text_column wpb_content_element\" >\n\t\t<div class=\"wpb_wrapper\">\n\t\t\t<div class=\"page\" title=\"Page 38\">\n<div class=\"section\">\n<div class=\"layoutArea\">\n<div class=\"column\">\n<p>&#8220;O nosso avo\u0302 Alfredo Maria Cunhal e a nossa Ma\u0303e Ana Maria Cunhal infelizmente ja\u0301 na\u0303o puderam ver a construc\u0327a\u0303o da nova adega, mas estara\u0303o sempre presentes como os grandes pilares e mentores deste projeto.<\/p>\n<p>A nova Adega, a vinha e os vinhos da Amoreira da Torre sa\u0303o assim a homenagem que lhes prestamos e a todo o legado que nos souberam transmitir. A eles dedicamos este livro.&#8221;<\/p>\n<\/div>\n<\/div>\n<\/div>\n<\/div>\n\n\t\t<\/div>\n\t<\/div>\n<div class=\"vc_row wpb_row vc_inner vc_row-fluid vc_row-o-content-middle vc_row-flex qodef-content-alignment-center\"><div class=\"wpb_column vc_column_container vc_col-sm-12\"><div class=\"vc_column-inner\"><div class=\"wpb_wrapper\"><a class=\"qodef-shortcode qodef-m  qodef-button qodef-layout--filled  qodef-html--link\" href=\"https:\/\/amoreiradatorre.com\/en\/3d-flip-book\/livro\/\" target=\"\"  ><span class=\"qodef-m-text\">Leia o Livro<\/span><\/a><\/div><\/div><\/div><\/div><\/div><\/div><\/div><\/div><\/div>","protected":false},"excerpt":{"rendered":"A Nossa Hist\u00f3ria Os nossos vinhos est\u00e3o enraizados na nossa Hist\u00f3ria A Quinta da Amoreira da Torre inscreve-se numa paisagem agro-cultural \u00fanica com mais de 6000 anos de hist\u00f3ria de ocupa\u00e7\u00e3o humana.\u00a0 Do atual conjunto edificado remontam ao s\u00e9culo XVI quatro elementos estruturantes; a Torre, o Pombal, cuja antiga localiza\u00e7\u00e3o corresponde \u00e0 actual capela, a [...]","protected":false},"author":1,"featured_media":0,"parent":0,"menu_order":0,"comment_status":"closed","ping_status":"closed","template":"page-full-width.php","meta":{"footnotes":""},"class_list":["post-1448","page","type-page","status-publish","hentry"],"_links":{"self":[{"href":"https:\/\/amoreiradatorre.com\/en\/wp-json\/wp\/v2\/pages\/1448","targetHints":{"allow":["GET"]}}],"collection":[{"href":"https:\/\/amoreiradatorre.com\/en\/wp-json\/wp\/v2\/pages"}],"about":[{"href":"https:\/\/amoreiradatorre.com\/en\/wp-json\/wp\/v2\/types\/page"}],"author":[{"embeddable":true,"href":"https:\/\/amoreiradatorre.com\/en\/wp-json\/wp\/v2\/users\/1"}],"replies":[{"embeddable":true,"href":"https:\/\/amoreiradatorre.com\/en\/wp-json\/wp\/v2\/comments?post=1448"}],"version-history":[{"count":38,"href":"https:\/\/amoreiradatorre.com\/en\/wp-json\/wp\/v2\/pages\/1448\/revisions"}],"predecessor-version":[{"id":5092,"href":"https:\/\/amoreiradatorre.com\/en\/wp-json\/wp\/v2\/pages\/1448\/revisions\/5092"}],"wp:attachment":[{"href":"https:\/\/amoreiradatorre.com\/en\/wp-json\/wp\/v2\/media?parent=1448"}],"curies":[{"name":"wp","href":"https:\/\/api.w.org\/{rel}","templated":true}]}}