{"id":4817,"date":"2021-11-16T13:45:55","date_gmt":"2021-11-16T13:45:55","guid":{"rendered":"https:\/\/amoreiradatorre.com\/a-nossa-historia-copy\/"},"modified":"2022-02-22T13:13:13","modified_gmt":"2022-02-22T13:13:13","slug":"vinha","status":"publish","type":"page","link":"https:\/\/amoreiradatorre.com\/en\/vinha\/","title":{"rendered":"Vineyard"},"content":{"rendered":"<div id=\"harvest\" class=\"vc_row wpb_row vc_row-fluid qodef-custom-row-harvest vc_custom_1637070851326\"><div class=\"wpb_column vc_column_container vc_col-sm-12\"><div class=\"vc_column-inner vc_custom_1637108766544\"><div class=\"wpb_wrapper\"><div class=\"vc_row wpb_row vc_inner vc_row-fluid our-store-background vc_custom_1637070863528 vc_row-has-fill qodef-content-alignment-center\"><div class=\"wpb_column vc_column_container vc_col-sm-1\/5\"><div class=\"vc_column-inner\"><div class=\"wpb_wrapper\"><\/div><\/div><\/div><div class=\"wpb_column vc_column_container vc_col-sm-3\/5\"><div class=\"vc_column-inner vc_custom_1636990858313\"><div class=\"wpb_wrapper\"><div class=\"qodef-shortcode qodef-m  qodef-section-title qodef-alignment--center\">\n\t\t<h2 class=\"qodef-m-title\" >\n\t\tOur Vineyard\t\t<\/h2>\n\t\t<p class=\"qodef-m-subtitle\" >Where do our grapes come from?<\/p>\n\t<\/div>\n\t<div class=\"wpb_text_column wpb_content_element\" >\n\t\t<div class=\"wpb_wrapper\">\n\t\t\t<p class=\"p1 translation-block\">The vineyard benefits from a <i>Terroir<\/i> characterized by granitic soils, abundant groundwater, Mediterranean climate, at an altitude of 240 meters and 72 kilometers from the Atlantic.<span class=\"Apple-converted-space\"> <\/span><\/p>\n<p class=\"p1\">The new plantation included the Portuguese red varieties: Aragonez, Trincadeira, Alicante Bouchet, Touriga Nacional and Tinta Caiada and a small plot of 1 hectare with the French red variety: Cabernet Souvignon.<\/p>\n<p class=\"p1\">Later, in 2013, the Tinta Caiada plot was grafted with Portuguese white varieties: Arinto and Verdelho dos A\u00e7ores.<\/p>\n<p class=\"p1\">The vineyard begins to produce in 2002 and in 2003 the first wine is bottled: Quinta da Amoreira da Torre Tinto Reserva.<\/p>\n<p class=\"p1\">In 2005, against the trend of the sector, the strategic decision was taken to convert the entire vineyard and wine to the Organic Production Mode, having been the first vineyard in Alentejo to certify organic Alentejo wines in the CVRA.<\/p>\n<p class=\"p1\">In 2021 we joined the Alentejo Wines Sustainability Program.<\/p>\n<p>All Amoreira da Torre wines are certified as Organic and Vegan Wines.<\/p>\n\n\t\t<\/div>\n\t<\/div>\n<\/div><\/div><\/div><div class=\"wpb_column vc_column_container vc_col-sm-1\/5\"><div class=\"vc_column-inner\"><div class=\"wpb_wrapper\"><\/div><\/div><\/div><\/div><\/div><\/div><\/div><\/div><div class=\"vc_row wpb_row vc_row-fluid\"><div class=\"wpb_column vc_column_container vc_col-sm-3\"><div class=\"vc_column-inner\"><div class=\"wpb_wrapper\"><\/div><\/div><\/div><div class=\"wpb_column vc_column_container vc_col-sm-3\"><div class=\"vc_column-inner\"><div class=\"wpb_wrapper\">\n\t<div  class=\"wpb_single_image wpb_content_element vc_align_center\">\n\t\t\n\t\t<figure class=\"wpb_wrapper vc_figure\">\n\t\t\t<div class=\"vc_single_image-wrapper   vc_box_border_grey\"><img decoding=\"async\" class=\"vc_single_image-img\" src=\"https:\/\/amoreiradatorre.com\/wp-content\/uploads\/2019\/10\/1-1-120x80.png\" width=\"120\" height=\"80\" alt=\"1\" title=\"1\" \/><\/div>\n\t\t<\/figure>\n\t<\/div>\n\n\t<div class=\"wpb_text_column wpb_content_element\" >\n\t\t<div class=\"wpb_wrapper\">\n\t\t\t<p style=\"text-align: center;\"><em>Certifier: Kiwa-Sativa PT-BIO-03<\/em><\/p>\n\n\t\t<\/div>\n\t<\/div>\n<\/div><\/div><\/div><div class=\"wpb_column vc_column_container vc_col-sm-3\"><div class=\"vc_column-inner\"><div class=\"wpb_wrapper\">\n\t<div  class=\"wpb_single_image wpb_content_element vc_align_center\">\n\t\t\n\t\t<figure class=\"wpb_wrapper vc_figure\">\n\t\t\t<div class=\"vc_single_image-wrapper   vc_box_border_grey\"><img decoding=\"async\" class=\"vc_single_image-img\" src=\"https:\/\/amoreiradatorre.com\/wp-content\/uploads\/2019\/10\/2-1-86x80.png\" width=\"86\" height=\"80\" alt=\"2\" title=\"2\" \/><\/div>\n\t\t<\/figure>\n\t<\/div>\n\n\t<div class=\"wpb_text_column wpb_content_element\" >\n\t\t<div class=\"wpb_wrapper\">\n\t\t\t<p style=\"text-align: center;\"><em>Certifier: Vegan Society-UK<\/em><\/p>\n\n\t\t<\/div>\n\t<\/div>\n<\/div><\/div><\/div><div class=\"wpb_column vc_column_container vc_col-sm-3\"><div class=\"vc_column-inner\"><div class=\"wpb_wrapper\"><\/div><\/div><\/div><\/div><div class=\"vc_row wpb_row vc_row-fluid\"><div class=\"wpb_column vc_column_container vc_col-sm-12\"><div class=\"vc_column-inner\"><div class=\"wpb_wrapper\"><div class=\"vc_empty_space\"   style=\"height: 32px\"><span class=\"vc_empty_space_inner\"><\/span><\/div><\/div><\/div><\/div><\/div><div class=\"vc_row wpb_row vc_row-fluid vc_custom_1644204146797\"><div class=\"wpb_column vc_column_container vc_col-sm-12\"><div class=\"vc_column-inner\"><div class=\"wpb_wrapper\"><div class=\"qodef-shortcode qodef-m  qodef-image-gallery  qodef-grid qodef-layout--columns  qodef-gutter--normal qodef-col-num--4   qodef-responsive--predefined\">\n\t<div class=\"qodef-grid-inner clear\">\n\t\t<div class=\"qodef-e qodef-image-wrapper qodef-grid-item\">\n\t\t\t\t<img decoding=\"async\" width=\"683\" height=\"1024\" src=\"https:\/\/amoreiradatorre.com\/wp-content\/uploads\/2022\/02\/3.png\" class=\"attachment-large size-large\" alt=\"\" srcset=\"https:\/\/amoreiradatorre.com\/wp-content\/uploads\/2022\/02\/3.png 683w, https:\/\/amoreiradatorre.com\/wp-content\/uploads\/2022\/02\/3-300x450.png 300w, https:\/\/amoreiradatorre.com\/wp-content\/uploads\/2022\/02\/3-600x900.png 600w, https:\/\/amoreiradatorre.com\/wp-content\/uploads\/2022\/02\/3-200x300.png 200w\" sizes=\"(max-width: 683px) 100vw, 683px\" \/>\t\t\t<\/div><div class=\"qodef-e qodef-image-wrapper qodef-grid-item\">\n\t\t\t\t<img decoding=\"async\" width=\"683\" height=\"1024\" src=\"https:\/\/amoreiradatorre.com\/wp-content\/uploads\/2022\/02\/1.png\" class=\"attachment-large size-large\" alt=\"\" srcset=\"https:\/\/amoreiradatorre.com\/wp-content\/uploads\/2022\/02\/1.png 683w, https:\/\/amoreiradatorre.com\/wp-content\/uploads\/2022\/02\/1-300x450.png 300w, https:\/\/amoreiradatorre.com\/wp-content\/uploads\/2022\/02\/1-600x900.png 600w, https:\/\/amoreiradatorre.com\/wp-content\/uploads\/2022\/02\/1-200x300.png 200w\" sizes=\"(max-width: 683px) 100vw, 683px\" \/>\t\t\t<\/div><div class=\"qodef-e qodef-image-wrapper qodef-grid-item\">\n\t\t\t\t<img decoding=\"async\" width=\"683\" height=\"1024\" src=\"https:\/\/amoreiradatorre.com\/wp-content\/uploads\/2022\/02\/2.png\" class=\"attachment-large size-large\" alt=\"\" srcset=\"https:\/\/amoreiradatorre.com\/wp-content\/uploads\/2022\/02\/2.png 683w, https:\/\/amoreiradatorre.com\/wp-content\/uploads\/2022\/02\/2-300x450.png 300w, https:\/\/amoreiradatorre.com\/wp-content\/uploads\/2022\/02\/2-600x900.png 600w, https:\/\/amoreiradatorre.com\/wp-content\/uploads\/2022\/02\/2-200x300.png 200w\" sizes=\"(max-width: 683px) 100vw, 683px\" \/>\t\t\t<\/div><div class=\"qodef-e qodef-image-wrapper qodef-grid-item\">\n\t\t\t\t<img decoding=\"async\" width=\"683\" height=\"1024\" src=\"https:\/\/amoreiradatorre.com\/wp-content\/uploads\/2022\/02\/Sem-nome-683-\u00d7-1024-px.png\" class=\"attachment-large size-large\" alt=\"\" srcset=\"https:\/\/amoreiradatorre.com\/wp-content\/uploads\/2022\/02\/Sem-nome-683-\u00d7-1024-px.png 683w, https:\/\/amoreiradatorre.com\/wp-content\/uploads\/2022\/02\/Sem-nome-683-\u00d7-1024-px-300x450.png 300w, https:\/\/amoreiradatorre.com\/wp-content\/uploads\/2022\/02\/Sem-nome-683-\u00d7-1024-px-600x900.png 600w, https:\/\/amoreiradatorre.com\/wp-content\/uploads\/2022\/02\/Sem-nome-683-\u00d7-1024-px-200x300.png 200w\" sizes=\"(max-width: 683px) 100vw, 683px\" \/>\t\t\t<\/div>\t<\/div>\n<\/div><\/div><\/div><\/div><\/div><div class=\"vc_row wpb_row vc_row-fluid vc_custom_1644204543127\"><div class=\"wpb_column vc_column_container vc_col-sm-12\"><div class=\"vc_column-inner\"><div class=\"wpb_wrapper\"><div class=\"vc_row wpb_row vc_inner vc_row-fluid vc_custom_1637109777591 vc_row-has-fill\"><div class=\"wpb_column vc_column_container vc_col-sm-12\"><div class=\"vc_column-inner vc_custom_1570451214193\"><div class=\"wpb_wrapper\"><div class=\"qodef-shortcode qodef-m  qodef-call-to-action qodef-layout--standard qodef-style--stretched\">\n\t<div class=\"qodef-m-inner\">\n\t\t\t<div class=\"qodef-m-content\">\n<h3>Visit our Vineyard<\/h3>\n<\/div>\n\t\t\t<div class=\"qodef-m-button\">\n\t\t<a class=\"qodef-shortcode qodef-m  qodef-button qodef-layout--filled  qodef-html--link\" href=\"https:\/\/amoreiradatorre.com\/en\/contacto\/\" target=\"_self\"  ><span class=\"qodef-m-text\">Contact<\/span><\/a>\t<\/div>\n\t<\/div>\n<\/div><\/div><\/div><\/div><\/div><\/div><\/div><\/div><\/div><div class=\"vc_row wpb_row vc_row-fluid vc_custom_1644204146797\"><div class=\"wpb_column vc_column_container vc_col-sm-12\"><div class=\"vc_column-inner\"><div class=\"wpb_wrapper\"><div class=\"qodef-shortcode qodef-m  qodef-image-gallery  qodef-grid qodef-layout--columns  qodef-gutter--normal qodef-col-num--4   qodef-responsive--predefined\">\n\t<div class=\"qodef-grid-inner clear\">\n\t\t<div class=\"qodef-e qodef-image-wrapper qodef-grid-item\">\n\t\t\t\t<img decoding=\"async\" width=\"1024\" height=\"768\" src=\"https:\/\/amoreiradatorre.com\/wp-content\/uploads\/2022\/02\/10.png\" class=\"attachment-large size-large\" alt=\"\" srcset=\"https:\/\/amoreiradatorre.com\/wp-content\/uploads\/2022\/02\/10.png 1024w, https:\/\/amoreiradatorre.com\/wp-content\/uploads\/2022\/02\/10-300x225.png 300w, https:\/\/amoreiradatorre.com\/wp-content\/uploads\/2022\/02\/10-600x450.png 600w, https:\/\/amoreiradatorre.com\/wp-content\/uploads\/2022\/02\/10-768x576.png 768w\" sizes=\"(max-width: 1024px) 100vw, 1024px\" \/>\t\t\t<\/div><div class=\"qodef-e qodef-image-wrapper qodef-grid-item\">\n\t\t\t\t<img decoding=\"async\" width=\"1024\" height=\"768\" src=\"https:\/\/amoreiradatorre.com\/wp-content\/uploads\/2022\/02\/2-1.png\" class=\"attachment-large size-large\" alt=\"\" srcset=\"https:\/\/amoreiradatorre.com\/wp-content\/uploads\/2022\/02\/2-1.png 1024w, https:\/\/amoreiradatorre.com\/wp-content\/uploads\/2022\/02\/2-1-300x225.png 300w, https:\/\/amoreiradatorre.com\/wp-content\/uploads\/2022\/02\/2-1-600x450.png 600w\" sizes=\"(max-width: 1024px) 100vw, 1024px\" \/>\t\t\t<\/div><div class=\"qodef-e qodef-image-wrapper qodef-grid-item\">\n\t\t\t\t<img decoding=\"async\" width=\"1024\" height=\"768\" src=\"https:\/\/amoreiradatorre.com\/wp-content\/uploads\/2022\/02\/3-1.png\" class=\"attachment-large size-large\" alt=\"\" srcset=\"https:\/\/amoreiradatorre.com\/wp-content\/uploads\/2022\/02\/3-1.png 1024w, https:\/\/amoreiradatorre.com\/wp-content\/uploads\/2022\/02\/3-1-300x225.png 300w, https:\/\/amoreiradatorre.com\/wp-content\/uploads\/2022\/02\/3-1-600x450.png 600w, https:\/\/amoreiradatorre.com\/wp-content\/uploads\/2022\/02\/3-1-768x576.png 768w\" sizes=\"(max-width: 1024px) 100vw, 1024px\" \/>\t\t\t<\/div><div class=\"qodef-e qodef-image-wrapper qodef-grid-item\">\n\t\t\t\t<img decoding=\"async\" width=\"1024\" height=\"768\" src=\"https:\/\/amoreiradatorre.com\/wp-content\/uploads\/2022\/02\/7.png\" class=\"attachment-large size-large\" alt=\"\" srcset=\"https:\/\/amoreiradatorre.com\/wp-content\/uploads\/2022\/02\/7.png 1024w, https:\/\/amoreiradatorre.com\/wp-content\/uploads\/2022\/02\/7-300x225.png 300w, https:\/\/amoreiradatorre.com\/wp-content\/uploads\/2022\/02\/7-600x450.png 600w, https:\/\/amoreiradatorre.com\/wp-content\/uploads\/2022\/02\/7-768x576.png 768w\" sizes=\"(max-width: 1024px) 100vw, 1024px\" \/>\t\t\t<\/div>\t<\/div>\n<\/div><\/div><\/div><\/div><\/div><div class=\"vc_row wpb_row vc_row-fluid qodef-content-alignment-center\"><div class=\"wpb_column vc_column_container vc_col-sm-12\"><div class=\"vc_column-inner vc_custom_1644204595936\"><div class=\"wpb_wrapper\"><a class=\"qodef-shortcode qodef-m  qodef-button qodef-layout--filled  qodef-html--link\" href=\"\/en\/a-nossa-adega\/\" target=\"\"  ><span class=\"qodef-m-text\">Discover our Cellar<\/span><\/a><\/div><\/div><\/div><\/div>","protected":false},"excerpt":{"rendered":"A Nossa Vinha De onde v\u00eam as nossas uvas A vinha beneficia de um Terroir caracterizado por solos gran\u00edticos, len\u00e7\u00f3is fre\u00e1ticos abundantes, clima mediterr\u00e2nico, a 240 metros de altitude e a 72 quil\u00f3metros do Atl\u00e2ntico.\u00a0 A nova planta\u00e7\u00e3o integrou as castas tintas portuguesas: Aragonez, Trincadeira, Alicante Bouchet, Touriga Nacional e Tinta Caiada e um pequeno [...]","protected":false},"author":1,"featured_media":0,"parent":0,"menu_order":0,"comment_status":"closed","ping_status":"closed","template":"page-full-width.php","meta":{"footnotes":""},"class_list":["post-4817","page","type-page","status-publish","hentry"],"_links":{"self":[{"href":"https:\/\/amoreiradatorre.com\/en\/wp-json\/wp\/v2\/pages\/4817","targetHints":{"allow":["GET"]}}],"collection":[{"href":"https:\/\/amoreiradatorre.com\/en\/wp-json\/wp\/v2\/pages"}],"about":[{"href":"https:\/\/amoreiradatorre.com\/en\/wp-json\/wp\/v2\/types\/page"}],"author":[{"embeddable":true,"href":"https:\/\/amoreiradatorre.com\/en\/wp-json\/wp\/v2\/users\/1"}],"replies":[{"embeddable":true,"href":"https:\/\/amoreiradatorre.com\/en\/wp-json\/wp\/v2\/comments?post=4817"}],"version-history":[{"count":21,"href":"https:\/\/amoreiradatorre.com\/en\/wp-json\/wp\/v2\/pages\/4817\/revisions"}],"predecessor-version":[{"id":5042,"href":"https:\/\/amoreiradatorre.com\/en\/wp-json\/wp\/v2\/pages\/4817\/revisions\/5042"}],"wp:attachment":[{"href":"https:\/\/amoreiradatorre.com\/en\/wp-json\/wp\/v2\/media?parent=4817"}],"curies":[{"name":"wp","href":"https:\/\/api.w.org\/{rel}","templated":true}]}}