{"id":816,"date":"2019-09-04T14:04:05","date_gmt":"2019-09-04T14:04:05","guid":{"rendered":"https:\/\/aperitif.qodeinteractive.com\/?page_id=816"},"modified":"2022-02-22T13:12:53","modified_gmt":"2022-02-22T13:12:53","slug":"adega","status":"publish","type":"page","link":"https:\/\/amoreiradatorre.com\/en\/adega\/","title":{"rendered":"Cellar"},"content":{"rendered":"<div class=\"vc_row wpb_row vc_row-fluid extra-z-index vc_custom_1644202718120 vc_row-has-fill\"><div class=\"wpb_column vc_column_container vc_col-sm-12\"><div class=\"vc_column-inner vc_custom_1644202723784\"><div class=\"wpb_wrapper\"><div class=\"qodef-content-grid\"><div class=\"vc_row wpb_row vc_inner vc_row-fluid\"><div class=\"wpb_column vc_column_container vc_col-sm-12 vc_col-lg-6\"><div class=\"vc_column-inner vc_custom_1637109909504\"><div class=\"wpb_wrapper\"><div class=\"qodef-shortcode qodef-m  qodef-section-title qodef-alignment--left\">\n\t\t<h2 class=\"qodef-m-title\" >\n\t\tOur Cellar\t\t<\/h2>\n\t\t<p class=\"qodef-m-subtitle\" style=\"color: #c8693a\">Inserted in Nature<\/p>\n\t<\/div>\n\t<div class=\"wpb_text_column wpb_content_element  vc_custom_1637110464190\" >\n\t\t<div class=\"wpb_wrapper\">\n\t\t\t<p class=\"p1\">In 2019, the current owners, Rita L\u00edbano Monteiro and Paulo Cunhal Sendin, sons of Ana Maria Cunhal, the fourth generation of the farm\u2019s buyer, made the decision to build the new Adega da Amoreira da Torre.<\/p>\n<p class=\"p1\">The project includes the winery itself and the company's administration building.<span class=\"Apple-converted-space\">\u00a0 <\/span><\/p>\n<p class=\"p1\">With a sober, discreet and contemporary language, the architecture is designed by Lu\u00eds L\u00edbano Monteiro and the Landscape Architecture by Ros\u00e1rio Oliveira.<\/p>\n<p class=\"p1 translation-block\">The cellar work begins in 2020,<span class=\"Apple-converted-space\">  <\/span>runs over 12 months, being completed in May 2021.<\/p>\n<p class=\"p1\">The 2021 harvest was the nineteenth harvest and the first at Adega nova.<\/p>\n\n\t\t<\/div>\n\t<\/div>\n<\/div><\/div><\/div><div class=\"wpb_column vc_column_container vc_col-sm-12 vc_col-lg-6\"><div class=\"vc_column-inner vc_custom_1644202828114\"><div class=\"wpb_wrapper\"><div class=\"qodef-shortcode qodef-m  qodef-image-with-text qodef-layout--text-over\">\n\t<div class=\"qodef-m-image\">\n\t\t\t\t<img decoding=\"async\" width=\"2560\" height=\"1920\" src=\"https:\/\/amoreiradatorre.com\/wp-content\/uploads\/2021\/11\/DJI_0523-scaled.jpg\" class=\"attachment-full size-full\" alt=\"\" srcset=\"https:\/\/amoreiradatorre.com\/wp-content\/uploads\/2021\/11\/DJI_0523-scaled.jpg 2560w, https:\/\/amoreiradatorre.com\/wp-content\/uploads\/2021\/11\/DJI_0523-scaled-300x225.jpg 300w, https:\/\/amoreiradatorre.com\/wp-content\/uploads\/2021\/11\/DJI_0523-scaled-600x450.jpg 600w, https:\/\/amoreiradatorre.com\/wp-content\/uploads\/2021\/11\/DJI_0523-1024x768.jpg 1024w, https:\/\/amoreiradatorre.com\/wp-content\/uploads\/2021\/11\/DJI_0523-768x576.jpg 768w, https:\/\/amoreiradatorre.com\/wp-content\/uploads\/2021\/11\/DJI_0523-1536x1152.jpg 1536w, https:\/\/amoreiradatorre.com\/wp-content\/uploads\/2021\/11\/DJI_0523-2048x1536.jpg 2048w\" sizes=\"(max-width: 2560px) 100vw, 2560px\" \/>\t\t\t<\/div>\t<div class=\"qodef-m-title-holder\">\n\t\t\t<\/div>\n\t<div class=\"qodef-m-content\">\n\t\t\t<\/div>\n<\/div><\/div><\/div><\/div><\/div><\/div><\/div><\/div><\/div><\/div><div class=\"vc_row wpb_row vc_row-fluid vc_custom_1644202733903\"><div class=\"wpb_column vc_column_container vc_col-sm-12\"><div class=\"vc_column-inner\"><div class=\"wpb_wrapper\"><div class=\"vc_row wpb_row vc_inner vc_row-fluid vc_custom_1644199052221 vc_row-has-fill\"><div class=\"wpb_column vc_column_container vc_col-sm-12\"><div class=\"vc_column-inner vc_custom_1570451214193\"><div class=\"wpb_wrapper\"><div class=\"qodef-shortcode qodef-m  qodef-call-to-action qodef-layout--standard qodef-style--stretched\">\n\t<div class=\"qodef-m-inner\">\n\t\t\t<div class=\"qodef-m-content\">\n<h3>Visit our Cellar<\/h3>\n<\/div>\n\t\t\t<div class=\"qodef-m-button\">\n\t\t<a class=\"qodef-shortcode qodef-m  qodef-button qodef-layout--filled  qodef-html--link\" href=\"https:\/\/amoreiradatorre.com\/en\/contacto\/\" target=\"_self\"  ><span class=\"qodef-m-text\">Contact<\/span><\/a>\t<\/div>\n\t<\/div>\n<\/div><\/div><\/div><\/div><\/div><\/div><\/div><\/div><\/div><div class=\"vc_row wpb_row vc_row-fluid vc_custom_1644198126587\"><div class=\"wpb_column vc_column_container vc_col-sm-12\"><div class=\"vc_column-inner\"><div class=\"wpb_wrapper\"><div class=\"qodef-shortcode qodef-m  qodef-image-gallery  qodef-grid qodef-layout--columns  qodef-gutter--normal qodef-col-num--3   qodef-responsive--predefined\">\n\t<div class=\"qodef-grid-inner clear\">\n\t\t<div class=\"qodef-e qodef-image-wrapper qodef-grid-item\">\n\t\t\t\t<img decoding=\"async\" width=\"1024\" height=\"683\" src=\"https:\/\/amoreiradatorre.com\/wp-content\/uploads\/2021\/11\/MG_7346_X-1024x683.jpg\" class=\"attachment-large size-large\" alt=\"\" srcset=\"https:\/\/amoreiradatorre.com\/wp-content\/uploads\/2021\/11\/MG_7346_X-1024x683.jpg 1024w, https:\/\/amoreiradatorre.com\/wp-content\/uploads\/2021\/11\/MG_7346_X-scaled-300x200.jpg 300w, https:\/\/amoreiradatorre.com\/wp-content\/uploads\/2021\/11\/MG_7346_X-scaled-600x400.jpg 600w, https:\/\/amoreiradatorre.com\/wp-content\/uploads\/2021\/11\/MG_7346_X-768x512.jpg 768w, https:\/\/amoreiradatorre.com\/wp-content\/uploads\/2021\/11\/MG_7346_X-1536x1024.jpg 1536w, https:\/\/amoreiradatorre.com\/wp-content\/uploads\/2021\/11\/MG_7346_X-2048x1365.jpg 2048w\" sizes=\"(max-width: 1024px) 100vw, 1024px\" \/>\t\t\t<\/div><div class=\"qodef-e qodef-image-wrapper qodef-grid-item\">\n\t\t\t\t<img decoding=\"async\" width=\"1024\" height=\"683\" src=\"https:\/\/amoreiradatorre.com\/wp-content\/uploads\/2021\/11\/MG_7399_X-1024x683.jpg\" class=\"attachment-large size-large\" alt=\"\" srcset=\"https:\/\/amoreiradatorre.com\/wp-content\/uploads\/2021\/11\/MG_7399_X-1024x683.jpg 1024w, https:\/\/amoreiradatorre.com\/wp-content\/uploads\/2021\/11\/MG_7399_X-scaled-300x200.jpg 300w, https:\/\/amoreiradatorre.com\/wp-content\/uploads\/2021\/11\/MG_7399_X-scaled-600x400.jpg 600w, https:\/\/amoreiradatorre.com\/wp-content\/uploads\/2021\/11\/MG_7399_X-768x512.jpg 768w, https:\/\/amoreiradatorre.com\/wp-content\/uploads\/2021\/11\/MG_7399_X-1536x1024.jpg 1536w, https:\/\/amoreiradatorre.com\/wp-content\/uploads\/2021\/11\/MG_7399_X-2048x1365.jpg 2048w\" sizes=\"(max-width: 1024px) 100vw, 1024px\" \/>\t\t\t<\/div><div class=\"qodef-e qodef-image-wrapper qodef-grid-item\">\n\t\t\t\t<img decoding=\"async\" width=\"1024\" height=\"683\" src=\"https:\/\/amoreiradatorre.com\/wp-content\/uploads\/2021\/11\/MG_7264_X-1024x683.jpg\" class=\"attachment-large size-large\" alt=\"\" srcset=\"https:\/\/amoreiradatorre.com\/wp-content\/uploads\/2021\/11\/MG_7264_X-1024x683.jpg 1024w, https:\/\/amoreiradatorre.com\/wp-content\/uploads\/2021\/11\/MG_7264_X-scaled-300x200.jpg 300w, https:\/\/amoreiradatorre.com\/wp-content\/uploads\/2021\/11\/MG_7264_X-scaled-600x400.jpg 600w, https:\/\/amoreiradatorre.com\/wp-content\/uploads\/2021\/11\/MG_7264_X-768x512.jpg 768w, https:\/\/amoreiradatorre.com\/wp-content\/uploads\/2021\/11\/MG_7264_X-1536x1024.jpg 1536w, https:\/\/amoreiradatorre.com\/wp-content\/uploads\/2021\/11\/MG_7264_X-2048x1365.jpg 2048w\" sizes=\"(max-width: 1024px) 100vw, 1024px\" \/>\t\t\t<\/div><div class=\"qodef-e qodef-image-wrapper qodef-grid-item\">\n\t\t\t\t<img decoding=\"async\" width=\"1024\" height=\"683\" src=\"https:\/\/amoreiradatorre.com\/wp-content\/uploads\/2021\/11\/MG_7192_X-1024x683.jpg\" class=\"attachment-large size-large\" alt=\"\" srcset=\"https:\/\/amoreiradatorre.com\/wp-content\/uploads\/2021\/11\/MG_7192_X-1024x683.jpg 1024w, https:\/\/amoreiradatorre.com\/wp-content\/uploads\/2021\/11\/MG_7192_X-scaled-300x200.jpg 300w, https:\/\/amoreiradatorre.com\/wp-content\/uploads\/2021\/11\/MG_7192_X-scaled-600x400.jpg 600w, https:\/\/amoreiradatorre.com\/wp-content\/uploads\/2021\/11\/MG_7192_X-768x512.jpg 768w, https:\/\/amoreiradatorre.com\/wp-content\/uploads\/2021\/11\/MG_7192_X-1536x1024.jpg 1536w, https:\/\/amoreiradatorre.com\/wp-content\/uploads\/2021\/11\/MG_7192_X-2048x1365.jpg 2048w\" sizes=\"(max-width: 1024px) 100vw, 1024px\" \/>\t\t\t<\/div><div class=\"qodef-e qodef-image-wrapper qodef-grid-item\">\n\t\t\t\t<img decoding=\"async\" width=\"1024\" height=\"683\" src=\"https:\/\/amoreiradatorre.com\/wp-content\/uploads\/2021\/11\/MG_7094_X-1024x683.jpg\" class=\"attachment-large size-large\" alt=\"\" srcset=\"https:\/\/amoreiradatorre.com\/wp-content\/uploads\/2021\/11\/MG_7094_X-1024x683.jpg 1024w, https:\/\/amoreiradatorre.com\/wp-content\/uploads\/2021\/11\/MG_7094_X-scaled-300x200.jpg 300w, https:\/\/amoreiradatorre.com\/wp-content\/uploads\/2021\/11\/MG_7094_X-scaled-600x400.jpg 600w, https:\/\/amoreiradatorre.com\/wp-content\/uploads\/2021\/11\/MG_7094_X-768x512.jpg 768w, https:\/\/amoreiradatorre.com\/wp-content\/uploads\/2021\/11\/MG_7094_X-1536x1024.jpg 1536w, https:\/\/amoreiradatorre.com\/wp-content\/uploads\/2021\/11\/MG_7094_X-2048x1365.jpg 2048w\" sizes=\"(max-width: 1024px) 100vw, 1024px\" \/>\t\t\t<\/div><div class=\"qodef-e qodef-image-wrapper qodef-grid-item\">\n\t\t\t\t<img decoding=\"async\" width=\"1024\" height=\"683\" src=\"https:\/\/amoreiradatorre.com\/wp-content\/uploads\/2022\/02\/DJI_0523-1024x768-1.jpg\" class=\"attachment-large size-large\" alt=\"\" srcset=\"https:\/\/amoreiradatorre.com\/wp-content\/uploads\/2022\/02\/DJI_0523-1024x768-1.jpg 1024w, https:\/\/amoreiradatorre.com\/wp-content\/uploads\/2022\/02\/DJI_0523-1024x768-1-300x200.jpg 300w, https:\/\/amoreiradatorre.com\/wp-content\/uploads\/2022\/02\/DJI_0523-1024x768-1-600x400.jpg 600w, https:\/\/amoreiradatorre.com\/wp-content\/uploads\/2022\/02\/DJI_0523-1024x768-1-768x512.jpg 768w\" sizes=\"(max-width: 1024px) 100vw, 1024px\" \/>\t\t\t<\/div>\t<\/div>\n<\/div><\/div><\/div><\/div><\/div><div class=\"qodef-content-grid\"><div class=\"vc_row wpb_row vc_row-fluid vc_custom_1568122241457\"><div class=\"wpb_column vc_column_container vc_col-sm-6 vc_col-lg-3\"><div class=\"vc_column-inner vc_custom_1568125843105\"><div class=\"wpb_wrapper\"><div class=\"qodef-shortcode qodef-m  qodef-icon-with-text qodef-layout--top qodef--custom-icon qodef-alignment--center\">\n\t<div class=\"qodef-m-icon-wrapper\">\n\t\t\t\t<img decoding=\"async\" width=\"70\" height=\"70\" src=\"https:\/\/amoreiradatorre.com\/wp-content\/uploads\/2019\/09\/h1-custom-icon-1.png\" class=\"attachment-full size-full\" alt=\"d\" \/>\t\t<\/div>\n\t<div class=\"qodef-m-content\">\n\t\t\t<h5 class=\"qodef-m-title\" >\n\t\t<span class=\"qodef-m-title-text\">Shop<\/span>\n\t\t<\/h5>\n\t\t\t<\/div>\n<\/div><div class=\"vc_empty_space\"   style=\"height: 54px\"><span class=\"vc_empty_space_inner\"><\/span><\/div><div class=\"qodef-shortcode qodef-m  qodef-icon-with-text qodef-layout--top qodef--custom-icon qodef-alignment--center\">\n\t<div class=\"qodef-m-icon-wrapper\">\n\t\t\t\t<img decoding=\"async\" width=\"70\" height=\"70\" src=\"https:\/\/amoreiradatorre.com\/wp-content\/uploads\/2019\/09\/h1-custom-icon-3.png\" class=\"attachment-full size-full\" alt=\"d\" \/>\t\t<\/div>\n\t<div class=\"qodef-m-content\">\n\t\t\t<h5 class=\"qodef-m-title\" >\n\t\t<span class=\"qodef-m-title-text\">Inserted in Nature<\/span>\n\t\t<\/h5>\n\t\t\t<\/div>\n<\/div><div class=\"vc_empty_space\"   style=\"height: 32px\"><span class=\"vc_empty_space_inner\"><\/span><\/div><\/div><\/div><\/div><div class=\"wpb_column vc_column_container vc_col-sm-6 vc_col-lg-3\"><div class=\"vc_column-inner vc_custom_1568125847648\"><div class=\"wpb_wrapper\"><div class=\"qodef-shortcode qodef-m  qodef-icon-with-text qodef-layout--top qodef--custom-icon qodef-alignment--center\">\n\t<div class=\"qodef-m-icon-wrapper\">\n\t\t\t\t<img decoding=\"async\" width=\"70\" height=\"70\" src=\"https:\/\/amoreiradatorre.com\/wp-content\/uploads\/2019\/09\/h1-custom-icon-2.png\" class=\"attachment-full size-full\" alt=\"d\" \/>\t\t<\/div>\n\t<div class=\"qodef-m-content\">\n\t\t\t<h5 class=\"qodef-m-title\" >\n\t\t<span class=\"qodef-m-title-text\">Wine Tastings<\/span>\n\t\t<\/h5>\n\t\t\t<\/div>\n<\/div><div class=\"vc_empty_space\"   style=\"height: 54px\"><span class=\"vc_empty_space_inner\"><\/span><\/div><div class=\"qodef-shortcode qodef-m  qodef-icon-with-text qodef-layout--top qodef--custom-icon qodef-alignment--center\">\n\t<div class=\"qodef-m-icon-wrapper\">\n\t\t\t\t<img decoding=\"async\" width=\"70\" height=\"70\" src=\"https:\/\/amoreiradatorre.com\/wp-content\/uploads\/2019\/09\/h1-custom-icon-4.png\" class=\"attachment-full size-full\" alt=\"d\" \/>\t\t<\/div>\n\t<div class=\"qodef-m-content\">\n\t\t\t<h5 class=\"qodef-m-title\" >\n\t\t<span class=\"qodef-m-title-text\">Guided Tour<\/span>\n\t\t<\/h5>\n\t\t\t<\/div>\n<\/div><div class=\"vc_empty_space\"   style=\"height: 32px\"><span class=\"vc_empty_space_inner\"><\/span><\/div><\/div><\/div><\/div><div class=\"wpb_column vc_column_container vc_col-sm-12 vc_col-lg-6 vc_col-has-fill\"><div class=\"vc_column-inner vc_custom_1568035839016\"><div class=\"wpb_wrapper\"><div class=\"qodef-shortcode qodef-m  qodef-section-title qodef-alignment--left\">\n\t\t<h3 class=\"qodef-m-title\" >\n\t\tTours\t\t<\/h3>\n\t\t<p class=\"qodef-m-subtitle\" style=\"color: #c8693a\">Our cellar, your cellar<\/p>\n\t<\/div>\n\t<div class=\"wpb_text_column wpb_content_element  vc_custom_1637110310541\" >\n\t\t<div class=\"wpb_wrapper\">\n\t\t\t<p>Our cellar is open to visits and it is possible to book group tastings.<\/p>\n<p>In our store you can purchase our wines.<\/p>\n\n\t\t<\/div>\n\t<\/div>\n\n\t<div class=\"wpb_text_column wpb_content_element\" >\n\t\t<div class=\"wpb_wrapper\">\n\t\t\t<p>Group tastings are subject to prior appointment.<\/p>\n\n\t\t<\/div>\n\t<\/div>\n<div class=\"vc_empty_space\"   style=\"height: 52px\"><span class=\"vc_empty_space_inner\"><\/span><\/div><div class=\"vc_row wpb_row vc_inner vc_row-fluid\"><div class=\"extra-z-index wpb_column vc_column_container vc_col-sm-12\"><div class=\"vc_column-inner\"><div class=\"wpb_wrapper\"><a class=\"qodef-shortcode qodef-m  qodef-button qodef-layout--filled  qodef-html--link\" href=\"https:\/\/amoreiradatorre.com\/en\/contacto\/\" target=\"\"  ><span class=\"qodef-m-text\">Bookings<\/span><\/a><\/div><\/div><\/div><\/div><\/div><\/div><\/div><\/div><\/div>","protected":false},"excerpt":{"rendered":"A Nossa Adega Inserida na Natureza Em 2019, os actuais propriet\u00e1rios, Rita L\u00edbano Monteiro e Paulo Cunhal Sendin, filhos de Ana Maria Cunhal, a quarta gera\u00e7\u00e3o do comprador da quinta, tomam a decis\u00e3o de construir a Adega nova da Amoreira da Torre. O projecto inclui a adega propriamente dita e o edif\u00edcio da administra\u00e7\u00e3o da [...]","protected":false},"author":1,"featured_media":0,"parent":0,"menu_order":0,"comment_status":"closed","ping_status":"closed","template":"page-full-width.php","meta":{"footnotes":""},"class_list":["post-816","page","type-page","status-publish","hentry"],"_links":{"self":[{"href":"https:\/\/amoreiradatorre.com\/en\/wp-json\/wp\/v2\/pages\/816","targetHints":{"allow":["GET"]}}],"collection":[{"href":"https:\/\/amoreiradatorre.com\/en\/wp-json\/wp\/v2\/pages"}],"about":[{"href":"https:\/\/amoreiradatorre.com\/en\/wp-json\/wp\/v2\/types\/page"}],"author":[{"embeddable":true,"href":"https:\/\/amoreiradatorre.com\/en\/wp-json\/wp\/v2\/users\/1"}],"replies":[{"embeddable":true,"href":"https:\/\/amoreiradatorre.com\/en\/wp-json\/wp\/v2\/comments?post=816"}],"version-history":[{"count":42,"href":"https:\/\/amoreiradatorre.com\/en\/wp-json\/wp\/v2\/pages\/816\/revisions"}],"predecessor-version":[{"id":5040,"href":"https:\/\/amoreiradatorre.com\/en\/wp-json\/wp\/v2\/pages\/816\/revisions\/5040"}],"wp:attachment":[{"href":"https:\/\/amoreiradatorre.com\/en\/wp-json\/wp\/v2\/media?parent=816"}],"curies":[{"name":"wp","href":"https:\/\/api.w.org\/{rel}","templated":true}]}}