{"id":3988,"date":"2019-10-15T10:07:11","date_gmt":"2019-10-15T10:07:11","guid":{"rendered":"https:\/\/aperitif.qodeinteractive.com\/?post_type=product&#038;p=3988"},"modified":"2022-03-09T02:13:28","modified_gmt":"2022-03-09T02:13:28","slug":"zebro-blanc-de-noirs","status":"publish","type":"product","link":"https:\/\/amoreiradatorre.com\/en\/product\/zebro-blanc-de-noirs\/","title":{"rendered":"Zebro Blanc de Noirs"},"content":{"rendered":"","protected":false},"excerpt":{"rendered":"<p><strong>Castas:<\/strong> 100%: Aragonez<\/p>\n<p><strong>Vinifica\u00e7\u00e3o:<\/strong> Vindima manual durante a noite e madrugada.<\/p>\n<p>Refrigera\u00e7\u00e3o das uvas, 6-8\u00ba, por 24h na adega.<\/p>\n<p>Prensa com baixa press\u00e3o para extrac\u00e7\u00e3o apenas da \u201clagrima\u201d Separa\u00e7\u00e3o imediata, ap\u00f3s prensa, do mosto das massas.<\/p>\n<p>Fermenta\u00e7\u00e3o espont\u00e2nea em cubas de inox, sem adi\u00e7\u00e3o de leveduras artificiais apenas com leveduras al\u00f3ctones.<\/p>\n<p>Sem correc\u00e7\u00f5es e sem madeira.<\/p>\n<p><strong>En\u00f3logo:<\/strong> Natureza com o apoio de Paulo Sendin e Carlos Ramos<\/p>\n<p><strong>Quantidade m\u00e9dia anual:<\/strong> 5.333 garrafas de 75cl<\/p>\n<p>&nbsp;<\/p>\n<p><img decoding=\"async\" class=\"alignnone wp-image-4925\" src=\"https:\/\/amoreiradatorre.com\/wp-content\/uploads\/2019\/10\/1-1-300x200.png\" alt=\"\" width=\"120\" height=\"80\" srcset=\"https:\/\/amoreiradatorre.com\/wp-content\/uploads\/2019\/10\/1-1-300x200.png 300w, https:\/\/amoreiradatorre.com\/wp-content\/uploads\/2019\/10\/1-1.png 553w\" sizes=\"(max-width: 120px) 100vw, 120px\" \/> <img decoding=\"async\" class=\"alignnone wp-image-4926\" src=\"https:\/\/amoreiradatorre.com\/wp-content\/uploads\/2019\/10\/2-1-300x278.png\" alt=\"\" width=\"86\" height=\"80\" srcset=\"https:\/\/amoreiradatorre.com\/wp-content\/uploads\/2019\/10\/2-1-300x278.png 300w, https:\/\/amoreiradatorre.com\/wp-content\/uploads\/2019\/10\/2-1.png 401w\" sizes=\"(max-width: 86px) 100vw, 86px\" \/><\/p>","protected":false},"featured_media":4712,"comment_status":"closed","ping_status":"closed","template":"","meta":[],"product_cat":[71,70],"product_tag":[],"class_list":{"0":"post-3988","1":"product","2":"type-product","3":"status-publish","4":"has-post-thumbnail","6":"product_cat-blanc-de-noirs","7":"product_cat-branco","9":"first","10":"instock","11":"shipping-taxable","12":"product-type-simple"},"_links":{"self":[{"href":"https:\/\/amoreiradatorre.com\/en\/wp-json\/wp\/v2\/product\/3988","targetHints":{"allow":["GET"]}}],"collection":[{"href":"https:\/\/amoreiradatorre.com\/en\/wp-json\/wp\/v2\/product"}],"about":[{"href":"https:\/\/amoreiradatorre.com\/en\/wp-json\/wp\/v2\/types\/product"}],"replies":[{"embeddable":true,"href":"https:\/\/amoreiradatorre.com\/en\/wp-json\/wp\/v2\/comments?post=3988"}],"wp:featuredmedia":[{"embeddable":true,"href":"https:\/\/amoreiradatorre.com\/en\/wp-json\/wp\/v2\/media\/4712"}],"wp:attachment":[{"href":"https:\/\/amoreiradatorre.com\/en\/wp-json\/wp\/v2\/media?parent=3988"}],"wp:term":[{"taxonomy":"product_cat","embeddable":true,"href":"https:\/\/amoreiradatorre.com\/en\/wp-json\/wp\/v2\/product_cat?post=3988"},{"taxonomy":"product_tag","embeddable":true,"href":"https:\/\/amoreiradatorre.com\/en\/wp-json\/wp\/v2\/product_tag?post=3988"}],"curies":[{"name":"wp","href":"https:\/\/api.w.org\/{rel}","templated":true}]}}