{"id":3989,"date":"2019-10-15T10:10:27","date_gmt":"2019-10-15T10:10:27","guid":{"rendered":"https:\/\/aperitif.qodeinteractive.com\/?post_type=product&#038;p=3989"},"modified":"2022-03-09T02:13:30","modified_gmt":"2022-03-09T02:13:30","slug":"zebro-tinto","status":"publish","type":"product","link":"https:\/\/amoreiradatorre.com\/en\/product\/zebro-tinto\/","title":{"rendered":"Zebro Tinto"},"content":{"rendered":"","protected":false},"excerpt":{"rendered":"<p><strong>Castas:<\/strong> 30 %:Aragonez; 40%: Touriga Nacional; 30%: Alicante Bouchet.<\/p>\n<p><strong>Vinifica\u00e7\u00e3o:<\/strong> Vindima manual. Fermenta\u00e7\u00e3o em cubas verticais de inox, com controlo de temperatura. Ap\u00f3s macera\u00e7\u00e3o, a fermenta\u00e7\u00e3o alco\u00f3lica e malol\u00e1ctica ocorrem de forma espont\u00e2nea apenas com as leveduras aut\u00f3ctones.<\/p>\n<p><strong>Est\u00e1gios:<\/strong> 06 meses em carvalho franc\u00eas alier, tosta m\u00e9dia de 300 lit. das tanoarias Boutes e Seguin Moureu, com dois e tr\u00eas anos de uso.<\/p>\n<p><strong>Caracter\u00edsticas Organol\u00e9pticas:<\/strong> Aromas frescos e condensados a compota de frutas vermelhas, especiarias, eucalipto e menta, com notas de juventude ainda bem evidentes, onde a fruta e a ligeira tosta de madeira se mesclam, resultando num conjunto estruturado, atraente e persistente.<\/p>\n<p><strong>En\u00f3logo:<\/strong> Natureza com o apoio de Paulo Sendin e Carlos Ramos<\/p>\n<p><strong>Quantidade m\u00e9dia anual:<\/strong> 20.000 garrafas de 75cl<\/p>\n<p>&nbsp;<\/p>\n<p><img decoding=\"async\" class=\"alignnone wp-image-4925\" src=\"https:\/\/amoreiradatorre.com\/wp-content\/uploads\/2019\/10\/1-1-300x200.png\" alt=\"\" width=\"120\" height=\"80\" srcset=\"https:\/\/amoreiradatorre.com\/wp-content\/uploads\/2019\/10\/1-1-300x200.png 300w, https:\/\/amoreiradatorre.com\/wp-content\/uploads\/2019\/10\/1-1.png 553w\" sizes=\"(max-width: 120px) 100vw, 120px\" \/> <img decoding=\"async\" class=\"alignnone wp-image-4926\" src=\"https:\/\/amoreiradatorre.com\/wp-content\/uploads\/2019\/10\/2-1-300x278.png\" alt=\"\" width=\"86\" height=\"80\" srcset=\"https:\/\/amoreiradatorre.com\/wp-content\/uploads\/2019\/10\/2-1-300x278.png 300w, https:\/\/amoreiradatorre.com\/wp-content\/uploads\/2019\/10\/2-1.png 401w\" sizes=\"(max-width: 86px) 100vw, 86px\" \/><\/p>","protected":false},"featured_media":4711,"comment_status":"closed","ping_status":"closed","template":"","meta":[],"product_cat":[69],"product_tag":[],"class_list":{"0":"post-3989","1":"product","2":"type-product","3":"status-publish","4":"has-post-thumbnail","6":"product_cat-tinto","8":"first","9":"instock","10":"shipping-taxable","11":"product-type-simple"},"_links":{"self":[{"href":"https:\/\/amoreiradatorre.com\/en\/wp-json\/wp\/v2\/product\/3989","targetHints":{"allow":["GET"]}}],"collection":[{"href":"https:\/\/amoreiradatorre.com\/en\/wp-json\/wp\/v2\/product"}],"about":[{"href":"https:\/\/amoreiradatorre.com\/en\/wp-json\/wp\/v2\/types\/product"}],"replies":[{"embeddable":true,"href":"https:\/\/amoreiradatorre.com\/en\/wp-json\/wp\/v2\/comments?post=3989"}],"wp:featuredmedia":[{"embeddable":true,"href":"https:\/\/amoreiradatorre.com\/en\/wp-json\/wp\/v2\/media\/4711"}],"wp:attachment":[{"href":"https:\/\/amoreiradatorre.com\/en\/wp-json\/wp\/v2\/media?parent=3989"}],"wp:term":[{"taxonomy":"product_cat","embeddable":true,"href":"https:\/\/amoreiradatorre.com\/en\/wp-json\/wp\/v2\/product_cat?post=3989"},{"taxonomy":"product_tag","embeddable":true,"href":"https:\/\/amoreiradatorre.com\/en\/wp-json\/wp\/v2\/product_tag?post=3989"}],"curies":[{"name":"wp","href":"https:\/\/api.w.org\/{rel}","templated":true}]}}