{"id":3990,"date":"2019-10-15T10:12:08","date_gmt":"2019-10-15T10:12:08","guid":{"rendered":"https:\/\/aperitif.qodeinteractive.com\/?post_type=product&#038;p=3990"},"modified":"2022-03-09T02:13:35","modified_gmt":"2022-03-09T02:13:35","slug":"zebro-branco","status":"publish","type":"product","link":"https:\/\/amoreiradatorre.com\/en\/product\/zebro-branco\/","title":{"rendered":"Zebro Branco"},"content":{"rendered":"","protected":false},"excerpt":{"rendered":"<p><strong>Castas:<\/strong> 50%: Arinto; 50% Verdelho<\/p>\n<p><strong>Vinifica\u00e7\u00e3o:<\/strong> Vindima manual durante a noite e madrugada. As uvas s\u00e3o divididas em dois lotes com ambas as castas e de quantidades id\u00eanticas.<\/p>\n<p>O primeiro lote o m\u00e9todo \u00e9 prensa directa, sem desengace. Separa\u00e7\u00e3o, ap\u00f3s prensa, do mosto das massas. Fermenta\u00e7\u00e3o espont\u00e2nea em cubas de inox, sem adi\u00e7\u00e3o de leveduras apenas com leveduras aut\u00f3ctones.<\/p>\n<p>No segundo lote \u00e9 utilizado o m\u00e9todo de \u201ccurtimenta\u201d: as uvas s\u00e3o desenga\u00e7adas e transferidas para um lagar onde fermentam, sem controlo de temperatura e apenas com as leveduras aut\u00f3ctones, o mosto, as peliculas e grainhas juntos. Diariamente a manta \u00e9 misturada com o mosto.<\/p>\n<p>No final da fermenta\u00e7\u00e3o o segundo lote \u00e9 prensado e juntam-se os dois.<\/p>\n<p>O vinho n\u00e3o \u00e9 colado e tem uma filtra\u00e7\u00e3o tangencial antes do engarrafamento<\/p>\n<p>Sem correc\u00e7\u00f5es e sem madeira.<\/p>\n<p><strong>En\u00f3logo:<\/strong> Natureza com o apoio de Paulo Sendin e Carlos Ramos<\/p>\n<p><strong>Quantidade m\u00e9dia anual:<\/strong> 5.333 garrafas de 75cl<\/p>\n<p>&nbsp;<\/p>\n<p><img decoding=\"async\" class=\"alignnone wp-image-4925\" src=\"https:\/\/amoreiradatorre.com\/wp-content\/uploads\/2019\/10\/1-1-300x200.png\" alt=\"\" width=\"120\" height=\"80\" srcset=\"https:\/\/amoreiradatorre.com\/wp-content\/uploads\/2019\/10\/1-1-300x200.png 300w, https:\/\/amoreiradatorre.com\/wp-content\/uploads\/2019\/10\/1-1.png 553w\" sizes=\"(max-width: 120px) 100vw, 120px\" \/> <img decoding=\"async\" class=\"alignnone wp-image-4926\" src=\"https:\/\/amoreiradatorre.com\/wp-content\/uploads\/2019\/10\/2-1-300x278.png\" alt=\"\" width=\"86\" height=\"80\" srcset=\"https:\/\/amoreiradatorre.com\/wp-content\/uploads\/2019\/10\/2-1-300x278.png 300w, https:\/\/amoreiradatorre.com\/wp-content\/uploads\/2019\/10\/2-1.png 401w\" sizes=\"(max-width: 86px) 100vw, 86px\" \/><\/p>","protected":false},"featured_media":4713,"comment_status":"closed","ping_status":"closed","template":"","meta":[],"product_cat":[70],"product_tag":[],"class_list":{"0":"post-3990","1":"product","2":"type-product","3":"status-publish","4":"has-post-thumbnail","6":"product_cat-branco","8":"first","9":"instock","10":"shipping-taxable","11":"product-type-simple"},"_links":{"self":[{"href":"https:\/\/amoreiradatorre.com\/en\/wp-json\/wp\/v2\/product\/3990","targetHints":{"allow":["GET"]}}],"collection":[{"href":"https:\/\/amoreiradatorre.com\/en\/wp-json\/wp\/v2\/product"}],"about":[{"href":"https:\/\/amoreiradatorre.com\/en\/wp-json\/wp\/v2\/types\/product"}],"replies":[{"embeddable":true,"href":"https:\/\/amoreiradatorre.com\/en\/wp-json\/wp\/v2\/comments?post=3990"}],"wp:featuredmedia":[{"embeddable":true,"href":"https:\/\/amoreiradatorre.com\/en\/wp-json\/wp\/v2\/media\/4713"}],"wp:attachment":[{"href":"https:\/\/amoreiradatorre.com\/en\/wp-json\/wp\/v2\/media?parent=3990"}],"wp:term":[{"taxonomy":"product_cat","embeddable":true,"href":"https:\/\/amoreiradatorre.com\/en\/wp-json\/wp\/v2\/product_cat?post=3990"},{"taxonomy":"product_tag","embeddable":true,"href":"https:\/\/amoreiradatorre.com\/en\/wp-json\/wp\/v2\/product_tag?post=3990"}],"curies":[{"name":"wp","href":"https:\/\/api.w.org\/{rel}","templated":true}]}}